{"id":1115,"date":"2022-11-18T14:41:47","date_gmt":"2022-11-18T14:41:47","guid":{"rendered":"https:\/\/www.ostman.nl\/?page_id=1115"},"modified":"2023-08-18T11:45:15","modified_gmt":"2023-08-18T11:45:15","slug":"betaetigunsfelder","status":"publish","type":"page","link":"https:\/\/www.ostman.nl\/de\/betaetigunsfelder\/","title":{"rendered":"Bet\u00e4tigunsfelder"},"content":{"rendered":"<div class=\"wpb-content-wrapper\"><p>[vc_row][vc_column]\n\t\t\t<!-- START Activiteiten DE REVOLUTION SLIDER 6.2.2 --><p class=\"rs-p-wp-fix\"><\/p>\n\t\t\t<rs-module-wrap id=\"rev_slider_13_1_wrapper\" data-source=\"gallery\" style=\"background:transparent;padding:0;margin:0px auto;margin-top:0;margin-bottom:0;\">\n\t\t\t\t<rs-module id=\"rev_slider_13_1\" style=\"display:none;\" data-version=\"6.2.2\">\n\t\t\t\t\t<rs-slides>\n\t\t\t\t\t\t<rs-slide data-key=\"rs-49\" data-title=\"Slide\" data-duration=\"3000ms\" data-anim=\"ei:d;eo:d;s:d;r:0;t:fade;sl:d;\">\n\t\t\t\t\t\t\t<img loading=\"lazy\" decoding=\"async\" src=\"\/\/www.ostman.nl\/wp-content\/uploads\/2022\/11\/ROME-shutterstock_627191411-1.jpg\" title=\"The,Colosseum,At,Night,,Rome,,Italy\" width=\"1000\" height=\"667\" data-parallax=\"15\" class=\"rev-slidebg\" data-no-retina>\n<!---->\t\t\t\t\t\t<\/rs-slide>\n\t\t\t\t\t\t<rs-slide data-key=\"rs-47\" data-title=\"Slide\" data-duration=\"3000ms\" data-anim=\"ei:d;eo:d;s:d;r:0;t:fade;sl:d;\">\n\t\t\t\t\t\t\t<img loading=\"lazy\" decoding=\"async\" src=\"\/\/www.ostman.nl\/wp-content\/uploads\/2022\/11\/BERLIN-shutterstock_158274860-1.jpg\" title=\"Berlin,,Germany,Viewed,From,Above,The,Spree,River.\" width=\"1000\" height=\"667\" data-parallax=\"15\" class=\"rev-slidebg\" data-no-retina>\n<!---->\t\t\t\t\t\t<\/rs-slide>\n\t\t\t\t\t\t<rs-slide data-key=\"rs-48\" data-title=\"Slide\" data-duration=\"3000ms\" data-anim=\"ei:d;eo:d;s:d;r:0;t:fade;sl:d;\">\n\t\t\t\t\t\t\t<img loading=\"lazy\" decoding=\"async\" src=\"\/\/www.ostman.nl\/wp-content\/uploads\/2022\/11\/PARIS-shutterstock_594524036-1.jpg\" title=\"Arc,De,Triomphe,In,Paris,Arch,Of,Triumph,Sunset,At\" width=\"1000\" height=\"667\" data-parallax=\"15\" class=\"rev-slidebg\" data-no-retina>\n<!---->\t\t\t\t\t\t<\/rs-slide>\n\t\t\t\t\t<\/rs-slides>\n\t\t\t\t\t<rs-static-layers><!--\n\n\t\t\t\t\t\t\t--><rs-group\n\t\t\t\t\t\t\t\tid=\"slider-13-slide-13-layer-5\" \n\t\t\t\t\t\t\t\tclass=\"rs-layer-static\"\n\t\t\t\t\t\t\t\tdata-type=\"group\"\n\t\t\t\t\t\t\t\tdata-rsp_ch=\"on\"\n\t\t\t\t\t\t\t\tdata-xy=\"xo:0,0,0,1px;y:m;yo:0,0,0,-180px;\"\n\t\t\t\t\t\t\t\tdata-text=\"w:normal;s:20,20,20,7;l:0,0,0,9;\"\n\t\t\t\t\t\t\t\tdata-dim=\"w:830px,830px,830px,485px;h:300px,300px,300px,170px;\"\n\t\t\t\t\t\t\t\tdata-basealign=\"slide\"\n\t\t\t\t\t\t\t\tdata-onslides=\"s:1;\"\n\t\t\t\t\t\t\t\tdata-frame_0=\"x:left;y:0,0,0,0px;\"\n\t\t\t\t\t\t\t\tdata-frame_1=\"x:0,0,0,0px;y:0,0,0,0px;sp:1250;\"\n\t\t\t\t\t\t\t\tdata-frame_999=\"o:0;st:w;sA:9000;\"\n\t\t\t\t\t\t\t\tstyle=\"z-index:11;\"\n\t\t\t\t\t\t\t><!--\n\t\t\t\t\t\t\t\t--><rs-layer\n\t\t\t\t\t\t\t\t\tid=\"slider-13-slide-13-layer-0\" \n\t\t\t\t\t\t\t\t\tclass=\"rs-layer-static\"\n\t\t\t\t\t\t\t\t\tdata-type=\"image\"\n\t\t\t\t\t\t\t\t\tdata-rsp_ch=\"on\"\n\t\t\t\t\t\t\t\t\tdata-xy=\"y:m;\"\n\t\t\t\t\t\t\t\t\tdata-text=\"w:normal;s:20,20,20,7;l:0,0,0,9;\"\n\t\t\t\t\t\t\t\t\tdata-dim=\"w:821px,821px,821px,525px;h:210px,210px,210px,134px;\"\n\t\t\t\t\t\t\t\t\tdata-basealign=\"slide\"\n\t\t\t\t\t\t\t\t\tdata-onslides=\"s:1;\"\n\t\t\t\t\t\t\t\t\tdata-frame_0=\"x:0,0,0,0px;y:0,0,0,0px;\"\n\t\t\t\t\t\t\t\t\tdata-frame_1=\"x:0,0,0,0px;y:0,0,0,0px;\"\n\t\t\t\t\t\t\t\t\tdata-frame_999=\"o:0;st:w;\"\n\t\t\t\t\t\t\t\t\tstyle=\"z-index:8;\"\n\t\t\t\t\t\t\t\t><img loading=\"lazy\" decoding=\"async\" src=\"\/\/www.ostman.nl\/wp-content\/uploads\/2022\/11\/Balk-slider.png\" width=\"952\" height=\"243\" data-no-retina> \n\t\t\t\t\t\t\t\t<\/rs-layer><!--\n\n\t\t\t\t\t\t\t\t--><rs-layer\n\t\t\t\t\t\t\t\t\tid=\"slider-13-slide-13-layer-2\" \n\t\t\t\t\t\t\t\t\tclass=\"rs-layer-static\"\n\t\t\t\t\t\t\t\t\tdata-type=\"text\"\n\t\t\t\t\t\t\t\t\tdata-rsp_ch=\"on\"\n\t\t\t\t\t\t\t\t\tdata-xy=\"x:l,l,l,c;xo:200px,200px,200px,0;yo:100px,100px,100px,39px;\"\n\t\t\t\t\t\t\t\t\tdata-text=\"w:normal;s:47,47,47,46;l:56;fw:700;\"\n\t\t\t\t\t\t\t\t\tdata-basealign=\"slide\"\n\t\t\t\t\t\t\t\t\tdata-onslides=\"s:1;\"\n\t\t\t\t\t\t\t\t\tdata-frame_999=\"o:0;st:w;\"\n\t\t\t\t\t\t\t\t\tstyle=\"z-index:9;font-family:Roboto;\"\n\t\t\t\t\t\t\t\t>Bet\u00e4tigunsfelder \n\t\t\t\t\t\t\t\t<\/rs-layer><!--\n\n\t\t\t\t\t\t\t\t--><rs-layer\n\t\t\t\t\t\t\t\t\tid=\"slider-13-slide-13-layer-3\" \n\t\t\t\t\t\t\t\t\tclass=\"rs-layer-static\"\n\t\t\t\t\t\t\t\t\tdata-type=\"text\"\n\t\t\t\t\t\t\t\t\tdata-rsp_ch=\"on\"\n\t\t\t\t\t\t\t\t\tdata-xy=\"x:l,l,l,c;xo:200px,200px,200px,0;yo:150px,150px,150px,94px;\"\n\t\t\t\t\t\t\t\t\tdata-text=\"w:normal;s:47,47,47,35;l:56,56,56,42;fw:700;\"\n\t\t\t\t\t\t\t\t\tdata-dim=\"w:524px,524px,524px,408px;\"\n\t\t\t\t\t\t\t\t\tdata-basealign=\"slide\"\n\t\t\t\t\t\t\t\t\tdata-onslides=\"s:1;\"\n\t\t\t\t\t\t\t\t\tdata-frame_999=\"o:0;st:w;\"\n\t\t\t\t\t\t\t\t\tstyle=\"z-index:10;font-family:Roboto;\"\n\t\t\t\t\t\t\t\t>Ostman International BV \n\t\t\t\t\t\t\t\t<\/rs-layer><!--\n\t\t\t\t\t\t\t--><\/rs-group><!--\n\n\t\t\t\t\t\t\t--><rs-layer\n\t\t\t\t\t\t\t\tid=\"slider-13-slide-13-layer-6\" \n\t\t\t\t\t\t\t\tclass=\"rs-layer-static\"\n\t\t\t\t\t\t\t\tdata-type=\"image\"\n\t\t\t\t\t\t\t\tdata-rsp_ch=\"on\"\n\t\t\t\t\t\t\t\tdata-xy=\"x:c;y:b;\"\n\t\t\t\t\t\t\t\tdata-text=\"w:normal;s:20,20,20,7;l:0,0,0,9;\"\n\t\t\t\t\t\t\t\tdata-dim=\"w:2501px,2501px,2501px,967px;h:284px,284px,284px,109px;\"\n\t\t\t\t\t\t\t\tdata-basealign=\"slide\"\n\t\t\t\t\t\t\t\tdata-onslides=\"s:1;\"\n\t\t\t\t\t\t\t\tdata-frame_999=\"o:0;st:w;\"\n\t\t\t\t\t\t\t\tstyle=\"z-index:13;\"\n\t\t\t\t\t\t\t><img loading=\"lazy\" decoding=\"async\" src=\"\/\/www.ostman.nl\/wp-content\/uploads\/2022\/11\/kleurverloop-onder.png\" width=\"2501\" height=\"284\" data-no-retina> \n\t\t\t\t\t\t\t<\/rs-layer><!--\n\n\t\t\t\t\t\t\t--><rs-layer\n\t\t\t\t\t\t\t\tid=\"slider-13-slide-13-layer-7\" \n\t\t\t\t\t\t\t\tclass=\"rs-layer-static\"\n\t\t\t\t\t\t\t\tdata-type=\"image\"\n\t\t\t\t\t\t\t\tdata-rsp_ch=\"on\"\n\t\t\t\t\t\t\t\tdata-xy=\"x:c;\"\n\t\t\t\t\t\t\t\tdata-text=\"w:normal;s:20,20,20,7;l:0,0,0,9;\"\n\t\t\t\t\t\t\t\tdata-dim=\"w:2500px,2500px,2500px,967px;h:284px,284px,284px,109px;\"\n\t\t\t\t\t\t\t\tdata-basealign=\"slide\"\n\t\t\t\t\t\t\t\tdata-onslides=\"s:1;\"\n\t\t\t\t\t\t\t\tdata-frame_999=\"o:0;st:w;\"\n\t\t\t\t\t\t\t\tstyle=\"z-index:12;\"\n\t\t\t\t\t\t\t><img loading=\"lazy\" decoding=\"async\" src=\"\/\/www.ostman.nl\/wp-content\/uploads\/2022\/11\/kleurverloop-boven.png\" width=\"2500\" height=\"284\" data-no-retina> \n\t\t\t\t\t\t\t<\/rs-layer><!--\n\t\t\t\t\t--><\/rs-static-layers>\n\t\t\t\t\t<rs-progress class=\"rs-bottom\" style=\"visibility: hidden !important;\"><\/rs-progress>\n\t\t\t\t<\/rs-module>\n\t\t\t\t<script type=\"text\/javascript\">\n\t\t\t\t\tsetREVStartSize({c: 'rev_slider_13_1',rl:[1240,1240,1240,480],el:[900,900,900,720],gw:[1240,1240,1240,480],gh:[900,900,900,720],type:'standard',justify:'',layout:'fullwidth',mh:\"0\"});\n\t\t\t\t\tvar\trevapi13,\n\t\t\t\t\t\ttpj;\n\t\t\t\t\tjQuery(function() {\n\t\t\t\t\t\ttpj = jQuery;\n\t\t\t\t\t\tif(tpj(\"#rev_slider_13_1\").revolution == undefined){\n\t\t\t\t\t\t\trevslider_showDoubleJqueryError(\"#rev_slider_13_1\");\n\t\t\t\t\t\t}else{\n\t\t\t\t\t\t\trevapi13 = tpj(\"#rev_slider_13_1\").show().revolution({\n\t\t\t\t\t\t\t\tjsFileLocation:\"\/\/www.ostman.nl\/wp-content\/plugins\/revslider\/public\/assets\/js\/\",\n\t\t\t\t\t\t\t\tsliderLayout:\"fullwidth\",\n\t\t\t\t\t\t\t\tvisibilityLevels:\"1240,1240,1240,480\",\n\t\t\t\t\t\t\t\tgridwidth:\"1240,1240,1240,480\",\n\t\t\t\t\t\t\t\tgridheight:\"900,900,900,720\",\n\t\t\t\t\t\t\t\tspinner:\"spinner2\",\n\t\t\t\t\t\t\t\teditorheight:\"900,768,960,720\",\n\t\t\t\t\t\t\t\tresponsiveLevels:\"1240,1240,1240,480\",\n\t\t\t\t\t\t\t\tdisableProgressBar:\"on\",\n\t\t\t\t\t\t\t\tnavigation: {\n\t\t\t\t\t\t\t\t\tonHoverStop:false\n\t\t\t\t\t\t\t\t},\n\t\t\t\t\t\t\t\tparallax: {\n\t\t\t\t\t\t\t\t\tlevels:[5,10,15,20,25,30,35,40,45,46,47,48,49,50,51,30],\n\t\t\t\t\t\t\t\t\ttype:\"scroll\",\n\t\t\t\t\t\t\t\t\torigo:\"slidercenter\",\n\t\t\t\t\t\t\t\t\tspeed:0\n\t\t\t\t\t\t\t\t},\n\t\t\t\t\t\t\t\tfallbacks: {\n\t\t\t\t\t\t\t\t\tallowHTML5AutoPlayOnAndroid:true\n\t\t\t\t\t\t\t\t},\n\t\t\t\t\t\t\t});\n\t\t\t\t\t\t}\n\t\t\t\t\t\t\n\t\t\t\t\t});\n\t\t\t\t<\/script>\n\t\t\t\t<script>\n\t\t\t\t\tvar htmlDivCss = ' #rev_slider_13_1_wrapper rs-loader.spinner2{ background-color: #ffffff !important; } '\n\t\t\t\t\tvar htmlDiv = document.getElementById('rs-plugin-settings-inline-css');\n\t\t\t\t\tif(htmlDiv) {\n\t\t\t\t\t\thtmlDiv.innerHTML = htmlDiv.innerHTML + htmlDivCss;\n\t\t\t\t\t}else{\n\t\t\t\t\t\tvar htmlDiv = document.createElement('div');\n\t\t\t\t\t\thtmlDiv.innerHTML = '<style>' + htmlDivCss + '<\/style>';\n\t\t\t\t\t\tdocument.getElementsByTagName('head')[0].appendChild(htmlDiv.childNodes[0]);\n\t\t\t\t\t}\n\t\t\t\t<\/script>\n\t\t\t<\/rs-module-wrap>\n\t\t\t<!-- END REVOLUTION SLIDER -->\n[\/vc_column][\/vc_row][vc_row gap=&#8220;35&#8243; content_placement=&#8220;middle&#8220;][vc_column width=&#8220;1\/2&#8243;][vc_single_image img_size=&#8220;medium&#8220; onclick=&#8220;custom_link&#8220; img_link_target=&#8220;_blank&#8220; image=&#8220;112&#8243; link=&#8220;https:\/\/www.gsm-repeater-shop.de\/&#8220; el_class=&#8220;grow&#8220;][vc_column_text]Der GSM Repeater Shop vertreibt hochwertige GSM Repeater und Zubeh\u00f6r. Ein sehr guter Service ist f\u00fcr uns unerl\u00e4sslich f\u00fcr unsere Kunden. Wir unterst\u00fctzen unsere Kunden vom ersten Kontakt bis hin zu einem sehr umfassenden After-Sales-Service. Alle Produkte sind ab unserem Lager in Wormer, Niederlande, erh\u00e4ltlich. Bestellungen, die vor 16:00 Uhr eingehen, werden noch am selben Tag ausgeliefert. Unsere Kunden sind weltweit zu finden, konzentrieren sich aber haupts\u00e4chlich in Westeuropa.[\/vc_column_text]<a\thref=\"https:\/\/www.gsm-repeater-shop.de\/\" \n\t\t\t\tclass=\"button btn_medium btn_theme_color btn_squared btn_normal_style icon_pos_before   \"  target='_self'> <i class='icon icon-location-arrow'><\/i> <span>GSM-REPEATER-SHOP<\/span><\/a>[\/vc_column][vc_column width=&#8220;1\/2&#8243; el_class=&#8220;rachtergrond&#8220;][vc_single_image image=&#8220;1561&#8243; el_class=&#8220;aschuin&#8220;][\/vc_column][\/vc_row][vc_row][vc_column]<div class=\"boc_spacing \" style=\"height: 20px\"><\/div>[\/vc_column][\/vc_row][vc_row gap=&#8220;35&#8243; content_placement=&#8220;middle&#8220; ult_hide_row=&#8220;off&#8220;][vc_column width=&#8220;1\/2&#8243; el_class=&#8220;rachtergrond&#8220; offset=&#8220;vc_hidden-xs&#8220;][vc_single_image image=&#8220;278&#8243; el_class=&#8220;aschuin&#8220;][\/vc_column][vc_column width=&#8220;1\/2&#8243; offset=&#8220;vc_hidden-xs&#8220;][vc_single_image img_size=&#8220;medium&#8220; onclick=&#8220;custom_link&#8220; img_link_target=&#8220;_blank&#8220; image=&#8220;113&#8243; link=&#8220;https:\/\/www.rosenfelt.de\/&#8220; el_class=&#8220;grow&#8220;][vc_column_text]Entwicklung und Konstruktion von GSM-Repeatern und zugeh\u00f6rigen Artikeln wie Antennen, Splitter, Koppler, Stecker und Koaxialkabel. Produkte mit sehr hoher Qualit\u00e4t und Haltbarkeit.[\/vc_column_text]<a\thref=\"https:\/\/www.rosenfelt.de\/\" \n\t\t\t\tclass=\"button btn_medium btn_theme_color btn_squared btn_normal_style icon_pos_before   \"  target='_self'> <i class='icon icon-location-arrow'><\/i> <span>ROSENFELT<\/span><\/a>[\/vc_column][\/vc_row][vc_row gap=&#8220;35&#8243; content_placement=&#8220;middle&#8220; ult_hide_row=&#8220;off&#8220;][vc_column width=&#8220;1\/2&#8243; offset=&#8220;vc_hidden-lg vc_hidden-md vc_hidden-sm&#8220;][vc_single_image img_size=&#8220;medium&#8220; onclick=&#8220;custom_link&#8220; img_link_target=&#8220;_blank&#8220; image=&#8220;113&#8243; link=&#8220;https:\/\/www.rosenfelt.de\/&#8220; el_class=&#8220;grow&#8220;][vc_column_text]Entwicklung und Konstruktion von GSM-Repeatern und zugeh\u00f6rigen Artikeln wie Antennen, Splitter, Koppler, Stecker und Koaxialkabel. Produkte mit sehr hoher Qualit\u00e4t und Haltbarkeit.[\/vc_column_text]<a\thref=\"https:\/\/www.rosenfelt.de\/\" \n\t\t\t\tclass=\"button btn_medium btn_theme_color btn_squared btn_normal_style icon_pos_before   \"  target='_self'> <i class='icon icon-location-arrow'><\/i> <span>ROSENFELT<\/span><\/a>[\/vc_column][vc_column width=&#8220;1\/2&#8243; el_class=&#8220;rachtergrond&#8220; offset=&#8220;vc_hidden-lg vc_hidden-md vc_hidden-sm&#8220;][vc_single_image image=&#8220;278&#8243; el_class=&#8220;aschuin&#8220;][\/vc_column][\/vc_row][vc_row][vc_column]<div class=\"boc_spacing \" style=\"height: 20px\"><\/div>[\/vc_column][\/vc_row][vc_row gap=&#8220;35&#8243; content_placement=&#8220;middle&#8220;][vc_column width=&#8220;1\/2&#8243;][vc_single_image img_size=&#8220;medium&#8220; onclick=&#8220;custom_link&#8220; img_link_target=&#8220;_blank&#8220; image=&#8220;114&#8243; link=&#8220;https:\/\/www.seovrienden.nl\/&#8220; el_class=&#8220;grow&#8220;][vc_column_text]Wir sind seit 2001 im Bereich E-Commerce und Online-Marketing t\u00e4tig. Dadurch haben wir umfangreiche Erfahrungen mit lokalen und mehreren internationalen, mehrsprachigen Webshops gesammelt. Im Jahr 2019 f\u00fchrten unsere Erfahrungen und Erfolge zur Gr\u00fcndung der Online-Marketing-Agentur SEO vrienden; ein Spezialist f\u00fcr Suchmaschinenoptimierung f\u00fcr jedes Unternehmen.[\/vc_column_text]<a\thref=\"https:\/\/www.seovrienden.nl\/\" \n\t\t\t\tclass=\"button btn_medium btn_theme_color btn_squared btn_normal_style icon_pos_before   \"  target='_self'> <i class='icon icon-location-arrow'><\/i> <span>SEO VRIENDEN<\/span><\/a>[\/vc_column][vc_column width=&#8220;1\/2&#8243; el_class=&#8220;rachtergrond&#8220;][vc_single_image image=&#8220;1590&#8243; el_class=&#8220;aschuin&#8220;][\/vc_column][\/vc_row][vc_row][vc_column]<div class=\"boc_spacing \" style=\"height: 40px\"><\/div>[\/vc_column][\/vc_row]<\/p>\n<\/div>","protected":false},"excerpt":{"rendered":"<p>[vc_row][vc_column][\/vc_column][\/vc_row][vc_row gap=&#8220;35&#8243; content_placement=&#8220;middle&#8220;][vc_column width=&#8220;1\/2&#8243;][vc_single_image img_size=&#8220;medium&#8220; onclick=&#8220;custom_link&#8220; img_link_target=&#8220;_blank&#8220; image=&#8220;112&#8243; link=&#8220;https:\/\/www.gsm-repeater-shop.de\/&#8220; el_class=&#8220;grow&#8220;][vc_column_text]Der GSM Repeater Shop vertreibt hochwertige GSM Repeater und Zubeh\u00f6r. Ein sehr guter Service ist f\u00fcr uns unerl\u00e4sslich f\u00fcr unsere Kunden. Wir unterst\u00fctzen unsere Kunden vom ersten Kontakt bis hin zu einem sehr umfassenden After-Sales-Service. Alle Produkte sind ab unserem Lager in Wormer, Niederlande, erh\u00e4ltlich. Bestellungen, die vor 16:00 Uhr eingehen,<\/p>\n<div class=\"h10\"><\/div>\n<p><a class=\"more-link1\" href=\"https:\/\/www.ostman.nl\/de\/betaetigunsfelder\/\">Read more<\/a><\/p>\n","protected":false},"author":2,"featured_media":0,"parent":0,"menu_order":0,"comment_status":"closed","ping_status":"closed","template":"","meta":{"footnotes":""},"class_list":["post-1115","page","type-page","status-publish","hentry"],"yoast_head":"<!-- This site is optimized with the Yoast SEO plugin v24.2 - https:\/\/yoast.com\/wordpress\/plugins\/seo\/ -->\n<title>Bet\u00e4tigunsfelder - OstMan International<\/title>\n<meta name=\"robots\" content=\"index, follow, max-snippet:-1, max-image-preview:large, max-video-preview:-1\" \/>\n<link rel=\"canonical\" href=\"https:\/\/www.ostman.nl\/de\/betaetigunsfelder\/\" \/>\n<meta property=\"og:locale\" content=\"de_DE\" \/>\n<meta property=\"og:type\" content=\"article\" \/>\n<meta property=\"og:title\" content=\"Bet\u00e4tigunsfelder - OstMan International\" \/>\n<meta property=\"og:description\" content=\"[vc_row][vc_column][\/vc_column][\/vc_row][vc_row gap=&#8220;35&#8243; content_placement=&#8220;middle&#8220;][vc_column width=&#8220;1\/2&#8243;][vc_single_image img_size=&#8220;medium&#8220; onclick=&#8220;custom_link&#8220; img_link_target=&#8220;_blank&#8220; image=&#8220;112&#8243; link=&#8220;https:\/\/www.gsm-repeater-shop.de\/&#8220; el_class=&#8220;grow&#8220;][vc_column_text]Der GSM Repeater Shop vertreibt hochwertige GSM Repeater und Zubeh\u00f6r. Ein sehr guter Service ist f\u00fcr uns unerl\u00e4sslich f\u00fcr unsere Kunden. Wir unterst\u00fctzen unsere Kunden vom ersten Kontakt bis hin zu einem sehr umfassenden After-Sales-Service. Alle Produkte sind ab unserem Lager in Wormer, Niederlande, erh\u00e4ltlich. Bestellungen, die vor 16:00 Uhr eingehen,Read more\" \/>\n<meta property=\"og:url\" content=\"https:\/\/www.ostman.nl\/de\/betaetigunsfelder\/\" \/>\n<meta property=\"og:site_name\" content=\"OstMan International\" \/>\n<meta property=\"article:modified_time\" content=\"2023-08-18T11:45:15+00:00\" \/>\n<meta name=\"twitter:card\" content=\"summary_large_image\" \/>\n<meta name=\"twitter:label1\" content=\"Gesch\u00e4tzte Lesezeit\" \/>\n\t<meta name=\"twitter:data1\" content=\"2\u00a0Minuten\" \/>\n<script type=\"application\/ld+json\" class=\"yoast-schema-graph\">{\"@context\":\"https:\/\/schema.org\",\"@graph\":[{\"@type\":\"WebPage\",\"@id\":\"https:\/\/www.ostman.nl\/de\/betaetigunsfelder\/\",\"url\":\"https:\/\/www.ostman.nl\/de\/betaetigunsfelder\/\",\"name\":\"Bet\u00e4tigunsfelder - OstMan International\",\"isPartOf\":{\"@id\":\"https:\/\/www.ostman.nl\/de\/#website\"},\"datePublished\":\"2022-11-18T14:41:47+00:00\",\"dateModified\":\"2023-08-18T11:45:15+00:00\",\"breadcrumb\":{\"@id\":\"https:\/\/www.ostman.nl\/de\/betaetigunsfelder\/#breadcrumb\"},\"inLanguage\":\"de\",\"potentialAction\":[{\"@type\":\"ReadAction\",\"target\":[\"https:\/\/www.ostman.nl\/de\/betaetigunsfelder\/\"]}]},{\"@type\":\"BreadcrumbList\",\"@id\":\"https:\/\/www.ostman.nl\/de\/betaetigunsfelder\/#breadcrumb\",\"itemListElement\":[{\"@type\":\"ListItem\",\"position\":1,\"name\":\"Home\",\"item\":\"https:\/\/www.ostman.nl\/de\/\"},{\"@type\":\"ListItem\",\"position\":2,\"name\":\"Bet\u00e4tigunsfelder\"}]},{\"@type\":\"WebSite\",\"@id\":\"https:\/\/www.ostman.nl\/de\/#website\",\"url\":\"https:\/\/www.ostman.nl\/de\/\",\"name\":\"OstMan International\",\"description\":\"Global focus with local skills\",\"potentialAction\":[{\"@type\":\"SearchAction\",\"target\":{\"@type\":\"EntryPoint\",\"urlTemplate\":\"https:\/\/www.ostman.nl\/de\/?s={search_term_string}\"},\"query-input\":{\"@type\":\"PropertyValueSpecification\",\"valueRequired\":true,\"valueName\":\"search_term_string\"}}],\"inLanguage\":\"de\"}]}<\/script>\n<!-- \/ Yoast SEO plugin. -->","yoast_head_json":{"title":"Bet\u00e4tigunsfelder - OstMan International","robots":{"index":"index","follow":"follow","max-snippet":"max-snippet:-1","max-image-preview":"max-image-preview:large","max-video-preview":"max-video-preview:-1"},"canonical":"https:\/\/www.ostman.nl\/de\/betaetigunsfelder\/","og_locale":"de_DE","og_type":"article","og_title":"Bet\u00e4tigunsfelder - OstMan International","og_description":"[vc_row][vc_column][\/vc_column][\/vc_row][vc_row gap=&#8220;35&#8243; content_placement=&#8220;middle&#8220;][vc_column width=&#8220;1\/2&#8243;][vc_single_image img_size=&#8220;medium&#8220; onclick=&#8220;custom_link&#8220; img_link_target=&#8220;_blank&#8220; image=&#8220;112&#8243; link=&#8220;https:\/\/www.gsm-repeater-shop.de\/&#8220; el_class=&#8220;grow&#8220;][vc_column_text]Der GSM Repeater Shop vertreibt hochwertige GSM Repeater und Zubeh\u00f6r. Ein sehr guter Service ist f\u00fcr uns unerl\u00e4sslich f\u00fcr unsere Kunden. Wir unterst\u00fctzen unsere Kunden vom ersten Kontakt bis hin zu einem sehr umfassenden After-Sales-Service. Alle Produkte sind ab unserem Lager in Wormer, Niederlande, erh\u00e4ltlich. Bestellungen, die vor 16:00 Uhr eingehen,Read more","og_url":"https:\/\/www.ostman.nl\/de\/betaetigunsfelder\/","og_site_name":"OstMan International","article_modified_time":"2023-08-18T11:45:15+00:00","twitter_card":"summary_large_image","twitter_misc":{"Gesch\u00e4tzte Lesezeit":"2\u00a0Minuten"},"schema":{"@context":"https:\/\/schema.org","@graph":[{"@type":"WebPage","@id":"https:\/\/www.ostman.nl\/de\/betaetigunsfelder\/","url":"https:\/\/www.ostman.nl\/de\/betaetigunsfelder\/","name":"Bet\u00e4tigunsfelder - OstMan International","isPartOf":{"@id":"https:\/\/www.ostman.nl\/de\/#website"},"datePublished":"2022-11-18T14:41:47+00:00","dateModified":"2023-08-18T11:45:15+00:00","breadcrumb":{"@id":"https:\/\/www.ostman.nl\/de\/betaetigunsfelder\/#breadcrumb"},"inLanguage":"de","potentialAction":[{"@type":"ReadAction","target":["https:\/\/www.ostman.nl\/de\/betaetigunsfelder\/"]}]},{"@type":"BreadcrumbList","@id":"https:\/\/www.ostman.nl\/de\/betaetigunsfelder\/#breadcrumb","itemListElement":[{"@type":"ListItem","position":1,"name":"Home","item":"https:\/\/www.ostman.nl\/de\/"},{"@type":"ListItem","position":2,"name":"Bet\u00e4tigunsfelder"}]},{"@type":"WebSite","@id":"https:\/\/www.ostman.nl\/de\/#website","url":"https:\/\/www.ostman.nl\/de\/","name":"OstMan International","description":"Global focus with local skills","potentialAction":[{"@type":"SearchAction","target":{"@type":"EntryPoint","urlTemplate":"https:\/\/www.ostman.nl\/de\/?s={search_term_string}"},"query-input":{"@type":"PropertyValueSpecification","valueRequired":true,"valueName":"search_term_string"}}],"inLanguage":"de"}]}},"_links":{"self":[{"href":"https:\/\/www.ostman.nl\/de\/wp-json\/wp\/v2\/pages\/1115","targetHints":{"allow":["GET"]}}],"collection":[{"href":"https:\/\/www.ostman.nl\/de\/wp-json\/wp\/v2\/pages"}],"about":[{"href":"https:\/\/www.ostman.nl\/de\/wp-json\/wp\/v2\/types\/page"}],"author":[{"embeddable":true,"href":"https:\/\/www.ostman.nl\/de\/wp-json\/wp\/v2\/users\/2"}],"replies":[{"embeddable":true,"href":"https:\/\/www.ostman.nl\/de\/wp-json\/wp\/v2\/comments?post=1115"}],"version-history":[{"count":5,"href":"https:\/\/www.ostman.nl\/de\/wp-json\/wp\/v2\/pages\/1115\/revisions"}],"predecessor-version":[{"id":1599,"href":"https:\/\/www.ostman.nl\/de\/wp-json\/wp\/v2\/pages\/1115\/revisions\/1599"}],"wp:attachment":[{"href":"https:\/\/www.ostman.nl\/de\/wp-json\/wp\/v2\/media?parent=1115"}],"curies":[{"name":"wp","href":"https:\/\/api.w.org\/{rel}","templated":true}]}}