{"id":1106,"date":"2022-11-18T14:41:47","date_gmt":"2022-11-18T14:41:47","guid":{"rendered":"https:\/\/www.ostman.nl\/?page_id=1106"},"modified":"2023-08-18T11:46:43","modified_gmt":"2023-08-18T11:46:43","slug":"activites","status":"publish","type":"page","link":"https:\/\/www.ostman.nl\/fr\/activites\/","title":{"rendered":"Activit\u00e9s"},"content":{"rendered":"<div class=\"wpb-content-wrapper\"><p>[vc_row][vc_column]\n\t\t\t<!-- START Activiteiten FR REVOLUTION SLIDER 6.2.2 --><p class=\"rs-p-wp-fix\"><\/p>\n\t\t\t<rs-module-wrap id=\"rev_slider_14_1_wrapper\" data-source=\"gallery\" style=\"background:transparent;padding:0;margin:0px auto;margin-top:0;margin-bottom:0;\">\n\t\t\t\t<rs-module id=\"rev_slider_14_1\" style=\"display:none;\" data-version=\"6.2.2\">\n\t\t\t\t\t<rs-slides>\n\t\t\t\t\t\t<rs-slide data-key=\"rs-52\" data-title=\"Slide\" data-duration=\"3000ms\" data-anim=\"ei:d;eo:d;s:d;r:0;t:fade;sl:d;\">\n\t\t\t\t\t\t\t<img loading=\"lazy\" decoding=\"async\" src=\"\/\/www.ostman.nl\/wp-content\/uploads\/2022\/11\/ROME-shutterstock_627191411-1.jpg\" title=\"The,Colosseum,At,Night,,Rome,,Italy\" width=\"1000\" height=\"667\" data-parallax=\"15\" class=\"rev-slidebg\" data-no-retina>\n<!---->\t\t\t\t\t\t<\/rs-slide>\n\t\t\t\t\t\t<rs-slide data-key=\"rs-50\" data-title=\"Slide\" data-duration=\"3000ms\" data-anim=\"ei:d;eo:d;s:d;r:0;t:fade;sl:d;\">\n\t\t\t\t\t\t\t<img loading=\"lazy\" decoding=\"async\" src=\"\/\/www.ostman.nl\/wp-content\/uploads\/2022\/11\/BERLIN-shutterstock_158274860-1.jpg\" title=\"Berlin,,Germany,Viewed,From,Above,The,Spree,River.\" width=\"1000\" height=\"667\" data-parallax=\"15\" class=\"rev-slidebg\" data-no-retina>\n<!---->\t\t\t\t\t\t<\/rs-slide>\n\t\t\t\t\t\t<rs-slide data-key=\"rs-51\" data-title=\"Slide\" data-duration=\"3000ms\" data-anim=\"ei:d;eo:d;s:d;r:0;t:fade;sl:d;\">\n\t\t\t\t\t\t\t<img loading=\"lazy\" decoding=\"async\" src=\"\/\/www.ostman.nl\/wp-content\/uploads\/2022\/11\/PARIS-shutterstock_594524036-1.jpg\" title=\"Arc,De,Triomphe,In,Paris,Arch,Of,Triumph,Sunset,At\" width=\"1000\" height=\"667\" data-parallax=\"15\" class=\"rev-slidebg\" data-no-retina>\n<!---->\t\t\t\t\t\t<\/rs-slide>\n\t\t\t\t\t<\/rs-slides>\n\t\t\t\t\t<rs-static-layers><!--\n\n\t\t\t\t\t\t\t--><rs-group\n\t\t\t\t\t\t\t\tid=\"slider-14-slide-14-layer-5\" \n\t\t\t\t\t\t\t\tclass=\"rs-layer-static\"\n\t\t\t\t\t\t\t\tdata-type=\"group\"\n\t\t\t\t\t\t\t\tdata-rsp_ch=\"on\"\n\t\t\t\t\t\t\t\tdata-xy=\"xo:0,0,0,1px;y:m;yo:0,0,0,-180px;\"\n\t\t\t\t\t\t\t\tdata-text=\"w:normal;s:20,20,20,7;l:0,0,0,9;\"\n\t\t\t\t\t\t\t\tdata-dim=\"w:830px,830px,830px,485px;h:300px,300px,300px,170px;\"\n\t\t\t\t\t\t\t\tdata-basealign=\"slide\"\n\t\t\t\t\t\t\t\tdata-onslides=\"s:1;\"\n\t\t\t\t\t\t\t\tdata-frame_0=\"x:left;y:0,0,0,0px;\"\n\t\t\t\t\t\t\t\tdata-frame_1=\"x:0,0,0,0px;y:0,0,0,0px;sp:1250;\"\n\t\t\t\t\t\t\t\tdata-frame_999=\"o:0;st:w;sA:9000;\"\n\t\t\t\t\t\t\t\tstyle=\"z-index:11;\"\n\t\t\t\t\t\t\t><!--\n\t\t\t\t\t\t\t\t--><rs-layer\n\t\t\t\t\t\t\t\t\tid=\"slider-14-slide-14-layer-0\" \n\t\t\t\t\t\t\t\t\tclass=\"rs-layer-static\"\n\t\t\t\t\t\t\t\t\tdata-type=\"image\"\n\t\t\t\t\t\t\t\t\tdata-rsp_ch=\"on\"\n\t\t\t\t\t\t\t\t\tdata-xy=\"y:m;\"\n\t\t\t\t\t\t\t\t\tdata-text=\"w:normal;s:20,20,20,7;l:0,0,0,9;\"\n\t\t\t\t\t\t\t\t\tdata-dim=\"w:821px,821px,821px,525px;h:210px,210px,210px,134px;\"\n\t\t\t\t\t\t\t\t\tdata-basealign=\"slide\"\n\t\t\t\t\t\t\t\t\tdata-onslides=\"s:1;\"\n\t\t\t\t\t\t\t\t\tdata-frame_0=\"x:0,0,0,0px;y:0,0,0,0px;\"\n\t\t\t\t\t\t\t\t\tdata-frame_1=\"x:0,0,0,0px;y:0,0,0,0px;\"\n\t\t\t\t\t\t\t\t\tdata-frame_999=\"o:0;st:w;\"\n\t\t\t\t\t\t\t\t\tstyle=\"z-index:8;\"\n\t\t\t\t\t\t\t\t><img loading=\"lazy\" decoding=\"async\" src=\"\/\/www.ostman.nl\/wp-content\/uploads\/2022\/11\/Balk-slider.png\" width=\"952\" height=\"243\" data-no-retina> \n\t\t\t\t\t\t\t\t<\/rs-layer><!--\n\n\t\t\t\t\t\t\t\t--><rs-layer\n\t\t\t\t\t\t\t\t\tid=\"slider-14-slide-14-layer-2\" \n\t\t\t\t\t\t\t\t\tclass=\"rs-layer-static\"\n\t\t\t\t\t\t\t\t\tdata-type=\"text\"\n\t\t\t\t\t\t\t\t\tdata-rsp_ch=\"on\"\n\t\t\t\t\t\t\t\t\tdata-xy=\"x:l,l,l,c;xo:200px,200px,200px,0;yo:100px,100px,100px,41px;\"\n\t\t\t\t\t\t\t\t\tdata-text=\"w:normal;s:47,47,47,46;l:56;fw:700;\"\n\t\t\t\t\t\t\t\t\tdata-basealign=\"slide\"\n\t\t\t\t\t\t\t\t\tdata-onslides=\"s:1;\"\n\t\t\t\t\t\t\t\t\tdata-frame_999=\"o:0;st:w;\"\n\t\t\t\t\t\t\t\t\tstyle=\"z-index:9;font-family:Roboto;\"\n\t\t\t\t\t\t\t\t>Nos activit\u00e9s \n\t\t\t\t\t\t\t\t<\/rs-layer><!--\n\n\t\t\t\t\t\t\t\t--><rs-layer\n\t\t\t\t\t\t\t\t\tid=\"slider-14-slide-14-layer-3\" \n\t\t\t\t\t\t\t\t\tclass=\"rs-layer-static\"\n\t\t\t\t\t\t\t\t\tdata-type=\"text\"\n\t\t\t\t\t\t\t\t\tdata-rsp_ch=\"on\"\n\t\t\t\t\t\t\t\t\tdata-xy=\"x:l,l,l,c;xo:200px,200px,200px,0;yo:150px,150px,150px,87px;\"\n\t\t\t\t\t\t\t\t\tdata-text=\"w:normal;s:47,47,47,35;l:56,56,56,42;fw:700;\"\n\t\t\t\t\t\t\t\t\tdata-dim=\"w:524px,524px,524px,408px;\"\n\t\t\t\t\t\t\t\t\tdata-basealign=\"slide\"\n\t\t\t\t\t\t\t\t\tdata-onslides=\"s:1;\"\n\t\t\t\t\t\t\t\t\tdata-frame_999=\"o:0;st:w;\"\n\t\t\t\t\t\t\t\t\tstyle=\"z-index:10;font-family:Roboto;\"\n\t\t\t\t\t\t\t\t>Ostman International BV \n\t\t\t\t\t\t\t\t<\/rs-layer><!--\n\t\t\t\t\t\t\t--><\/rs-group><!--\n\n\t\t\t\t\t\t\t--><rs-layer\n\t\t\t\t\t\t\t\tid=\"slider-14-slide-14-layer-6\" \n\t\t\t\t\t\t\t\tclass=\"rs-layer-static\"\n\t\t\t\t\t\t\t\tdata-type=\"image\"\n\t\t\t\t\t\t\t\tdata-rsp_ch=\"on\"\n\t\t\t\t\t\t\t\tdata-xy=\"x:c;y:b;\"\n\t\t\t\t\t\t\t\tdata-text=\"w:normal;s:20,20,20,7;l:0,0,0,9;\"\n\t\t\t\t\t\t\t\tdata-dim=\"w:2501px,2501px,2501px,967px;h:284px,284px,284px,109px;\"\n\t\t\t\t\t\t\t\tdata-basealign=\"slide\"\n\t\t\t\t\t\t\t\tdata-onslides=\"s:1;\"\n\t\t\t\t\t\t\t\tdata-frame_999=\"o:0;st:w;\"\n\t\t\t\t\t\t\t\tstyle=\"z-index:13;\"\n\t\t\t\t\t\t\t><img loading=\"lazy\" decoding=\"async\" src=\"\/\/www.ostman.nl\/wp-content\/uploads\/2022\/11\/kleurverloop-onder.png\" width=\"2501\" height=\"284\" data-no-retina> \n\t\t\t\t\t\t\t<\/rs-layer><!--\n\n\t\t\t\t\t\t\t--><rs-layer\n\t\t\t\t\t\t\t\tid=\"slider-14-slide-14-layer-7\" \n\t\t\t\t\t\t\t\tclass=\"rs-layer-static\"\n\t\t\t\t\t\t\t\tdata-type=\"image\"\n\t\t\t\t\t\t\t\tdata-rsp_ch=\"on\"\n\t\t\t\t\t\t\t\tdata-xy=\"x:c;\"\n\t\t\t\t\t\t\t\tdata-text=\"w:normal;s:20,20,20,7;l:0,0,0,9;\"\n\t\t\t\t\t\t\t\tdata-dim=\"w:2500px,2500px,2500px,967px;h:284px,284px,284px,109px;\"\n\t\t\t\t\t\t\t\tdata-basealign=\"slide\"\n\t\t\t\t\t\t\t\tdata-onslides=\"s:1;\"\n\t\t\t\t\t\t\t\tdata-frame_999=\"o:0;st:w;\"\n\t\t\t\t\t\t\t\tstyle=\"z-index:12;\"\n\t\t\t\t\t\t\t><img loading=\"lazy\" decoding=\"async\" src=\"\/\/www.ostman.nl\/wp-content\/uploads\/2022\/11\/kleurverloop-boven.png\" width=\"2500\" height=\"284\" data-no-retina> \n\t\t\t\t\t\t\t<\/rs-layer><!--\n\t\t\t\t\t--><\/rs-static-layers>\n\t\t\t\t\t<rs-progress class=\"rs-bottom\" style=\"visibility: hidden !important;\"><\/rs-progress>\n\t\t\t\t<\/rs-module>\n\t\t\t\t<script type=\"text\/javascript\">\n\t\t\t\t\tsetREVStartSize({c: 'rev_slider_14_1',rl:[1240,1240,1240,480],el:[900,900,900,720],gw:[1240,1240,1240,480],gh:[900,900,900,720],type:'standard',justify:'',layout:'fullwidth',mh:\"0\"});\n\t\t\t\t\tvar\trevapi14,\n\t\t\t\t\t\ttpj;\n\t\t\t\t\tjQuery(function() {\n\t\t\t\t\t\ttpj = jQuery;\n\t\t\t\t\t\tif(tpj(\"#rev_slider_14_1\").revolution == undefined){\n\t\t\t\t\t\t\trevslider_showDoubleJqueryError(\"#rev_slider_14_1\");\n\t\t\t\t\t\t}else{\n\t\t\t\t\t\t\trevapi14 = tpj(\"#rev_slider_14_1\").show().revolution({\n\t\t\t\t\t\t\t\tjsFileLocation:\"\/\/www.ostman.nl\/wp-content\/plugins\/revslider\/public\/assets\/js\/\",\n\t\t\t\t\t\t\t\tsliderLayout:\"fullwidth\",\n\t\t\t\t\t\t\t\tvisibilityLevels:\"1240,1240,1240,480\",\n\t\t\t\t\t\t\t\tgridwidth:\"1240,1240,1240,480\",\n\t\t\t\t\t\t\t\tgridheight:\"900,900,900,720\",\n\t\t\t\t\t\t\t\tspinner:\"spinner2\",\n\t\t\t\t\t\t\t\teditorheight:\"900,768,960,720\",\n\t\t\t\t\t\t\t\tresponsiveLevels:\"1240,1240,1240,480\",\n\t\t\t\t\t\t\t\tdisableProgressBar:\"on\",\n\t\t\t\t\t\t\t\tnavigation: {\n\t\t\t\t\t\t\t\t\tonHoverStop:false\n\t\t\t\t\t\t\t\t},\n\t\t\t\t\t\t\t\tparallax: {\n\t\t\t\t\t\t\t\t\tlevels:[5,10,15,20,25,30,35,40,45,46,47,48,49,50,51,30],\n\t\t\t\t\t\t\t\t\ttype:\"scroll\",\n\t\t\t\t\t\t\t\t\torigo:\"slidercenter\",\n\t\t\t\t\t\t\t\t\tspeed:0\n\t\t\t\t\t\t\t\t},\n\t\t\t\t\t\t\t\tfallbacks: {\n\t\t\t\t\t\t\t\t\tallowHTML5AutoPlayOnAndroid:true\n\t\t\t\t\t\t\t\t},\n\t\t\t\t\t\t\t});\n\t\t\t\t\t\t}\n\t\t\t\t\t\t\n\t\t\t\t\t});\n\t\t\t\t<\/script>\n\t\t\t\t<script>\n\t\t\t\t\tvar htmlDivCss = ' #rev_slider_14_1_wrapper rs-loader.spinner2{ background-color: #ffffff !important; } '\n\t\t\t\t\tvar htmlDiv = document.getElementById('rs-plugin-settings-inline-css');\n\t\t\t\t\tif(htmlDiv) {\n\t\t\t\t\t\thtmlDiv.innerHTML = htmlDiv.innerHTML + htmlDivCss;\n\t\t\t\t\t}else{\n\t\t\t\t\t\tvar htmlDiv = document.createElement('div');\n\t\t\t\t\t\thtmlDiv.innerHTML = '<style>' + htmlDivCss + '<\/style>';\n\t\t\t\t\t\tdocument.getElementsByTagName('head')[0].appendChild(htmlDiv.childNodes[0]);\n\t\t\t\t\t}\n\t\t\t\t<\/script>\n\t\t\t<\/rs-module-wrap>\n\t\t\t<!-- END REVOLUTION SLIDER -->\n[\/vc_column][\/vc_row][vc_row gap=\u00a0\u00bb35&Prime; content_placement=\u00a0\u00bbmiddle\u00a0\u00bb][vc_column width=\u00a0\u00bb1\/2&Prime;][vc_single_image img_size=\u00a0\u00bbmedium\u00a0\u00bb onclick=\u00a0\u00bbcustom_link\u00a0\u00bb img_link_target=\u00a0\u00bb_blank\u00a0\u00bb image=\u00a0\u00bb112&Prime; link=\u00a0\u00bbhttps:\/\/www.repeteur-gsm.fr\/\u00a0\u00bb el_class=\u00a0\u00bbgrow\u00a0\u00bb][vc_column_text]GSM Repeater Shop vend des r\u00e9p\u00e9teurs GSM et des accessoires haut de gamme. Un bon service est essentiel pour le succ\u00e8s de l&rsquo;entreprise. Nous assistons nos clients depuis le premier contact jusqu&rsquo;\u00e0 un service apr\u00e8s-vente tr\u00e8s complet. Tous les produits sont disponibles dans notre entrep\u00f4t de Wormer, aux Pays-Bas. Les commandes pass\u00e9es avant 16h00 sont livr\u00e9es le jour m\u00eame. Les clients de GSM Repeater Shop se trouvent dans le monde entier, mais principalement en Europe occidentale.[\/vc_column_text]<a\thref=\"https:\/\/www.repeteur-gsm.fr\/\" \n\t\t\t\tclass=\"button btn_medium btn_theme_color btn_squared btn_normal_style icon_pos_before   \"  target='_self'> <i class='icon icon-location-arrow'><\/i> <span>GSM-REPEATER-SHOP<\/span><\/a>[\/vc_column][vc_column width=\u00a0\u00bb1\/2&Prime; el_class=\u00a0\u00bbrachtergrond\u00a0\u00bb][vc_single_image image=\u00a0\u00bb1560&Prime; el_class=\u00a0\u00bbaschuin\u00a0\u00bb][\/vc_column][\/vc_row][vc_row][vc_column]<div class=\"boc_spacing \" style=\"height: 20px\"><\/div>[\/vc_column][\/vc_row][vc_row gap=\u00a0\u00bb35&Prime; content_placement=\u00a0\u00bbmiddle\u00a0\u00bb ult_hide_row=\u00a0\u00bboff\u00a0\u00bb][vc_column width=\u00a0\u00bb1\/2&Prime; el_class=\u00a0\u00bbrachtergrond\u00a0\u00bb offset=\u00a0\u00bbvc_hidden-xs\u00a0\u00bb][vc_single_image image=\u00a0\u00bb278&Prime; el_class=\u00a0\u00bbaschuin\u00a0\u00bb][\/vc_column][vc_column width=\u00a0\u00bb1\/2&Prime; offset=\u00a0\u00bbvc_hidden-xs\u00a0\u00bb][vc_single_image img_size=\u00a0\u00bbmedium\u00a0\u00bb onclick=\u00a0\u00bbcustom_link\u00a0\u00bb img_link_target=\u00a0\u00bb_blank\u00a0\u00bb image=\u00a0\u00bb113&Prime; link=\u00a0\u00bbhttps:\/\/www.rosenfelt.eu\/\u00a0\u00bb el_class=\u00a0\u00bbgrow\u00a0\u00bb][vc_column_text]D\u00e9veloppement et conception de r\u00e9p\u00e9teurs GSM et d&rsquo;articles associ\u00e9s tels que des antennes, des s\u00e9parateurs, des coupleurs, des connecteurs et des c\u00e2bles coaxiaux. Produits de tr\u00e8s haute qualit\u00e9 et durabilit\u00e9.[\/vc_column_text]<a\thref=\"https:\/\/www.rosenfelt.eu\/\" \n\t\t\t\tclass=\"button btn_medium btn_theme_color btn_squared btn_normal_style icon_pos_before   \"  target='_self'> <i class='icon icon-location-arrow'><\/i> <span>ROSENFELT<\/span><\/a>[\/vc_column][\/vc_row][vc_row gap=\u00a0\u00bb35&Prime; content_placement=\u00a0\u00bbmiddle\u00a0\u00bb ult_hide_row=\u00a0\u00bboff\u00a0\u00bb][vc_column width=\u00a0\u00bb1\/2&Prime; offset=\u00a0\u00bbvc_hidden-lg vc_hidden-md vc_hidden-sm\u00a0\u00bb][vc_single_image img_size=\u00a0\u00bbmedium\u00a0\u00bb onclick=\u00a0\u00bbcustom_link\u00a0\u00bb img_link_target=\u00a0\u00bb_blank\u00a0\u00bb image=\u00a0\u00bb113&Prime; link=\u00a0\u00bbhttps:\/\/www.rosenfelt.eu\/\u00a0\u00bb el_class=\u00a0\u00bbgrow\u00a0\u00bb][vc_column_text]D\u00e9veloppement et conception de r\u00e9p\u00e9teurs GSM et d&rsquo;articles associ\u00e9s tels que des antennes, des s\u00e9parateurs, des coupleurs, des connecteurs et des c\u00e2bles coaxiaux. Produits de tr\u00e8s haute qualit\u00e9 et durabilit\u00e9.[\/vc_column_text]<a\thref=\"https:\/\/www.rosenfelt.eu\/\" \n\t\t\t\tclass=\"button btn_medium btn_theme_color btn_squared btn_normal_style icon_pos_before   \"  target='_self'> <i class='icon icon-location-arrow'><\/i> <span>ROSENFELT<\/span><\/a>[\/vc_column][vc_column width=\u00a0\u00bb1\/2&Prime; el_class=\u00a0\u00bbrachtergrond\u00a0\u00bb offset=\u00a0\u00bbvc_hidden-lg vc_hidden-md vc_hidden-sm\u00a0\u00bb][vc_single_image image=\u00a0\u00bb278&Prime; el_class=\u00a0\u00bbaschuin\u00a0\u00bb][\/vc_column][\/vc_row][vc_row][vc_column]<div class=\"boc_spacing \" style=\"height: 20px\"><\/div>[\/vc_column][\/vc_row][vc_row gap=\u00a0\u00bb35&Prime; content_placement=\u00a0\u00bbmiddle\u00a0\u00bb][vc_column width=\u00a0\u00bb1\/2&Prime;][vc_single_image img_size=\u00a0\u00bbmedium\u00a0\u00bb onclick=\u00a0\u00bbcustom_link\u00a0\u00bb img_link_target=\u00a0\u00bb_blank\u00a0\u00bb image=\u00a0\u00bb114&Prime; link=\u00a0\u00bbhttps:\/\/www.seovrienden.nl\/\u00a0\u00bb el_class=\u00a0\u00bbgrow\u00a0\u00bb][vc_column_text]Nous sommes actifs dans le domaine du commerce \u00e9lectronique et du marketing en ligne depuis 2001. Nous avons ainsi acquis une vaste exp\u00e9rience avec des boutiques en ligne locales &#8211; et plusieurs boutiques en ligne internationales multilingues. En 2019, nos exp\u00e9riences et nos succ\u00e8s ont conduit \u00e0 la cr\u00e9ation de l&rsquo;agence de marketing en ligne SEO vrienden, un sp\u00e9cialiste de l&rsquo;optimisation des moteurs de recherche accessible \u00e0 tous les entrepreneurs.[\/vc_column_text]<a\thref=\"https:\/\/www.seovrienden.nl\/\" \n\t\t\t\tclass=\"button btn_medium btn_theme_color btn_squared btn_normal_style icon_pos_before   \"  target='_self'> <i class='icon icon-location-arrow'><\/i> <span>SEO VRIENDEN<\/span><\/a>[\/vc_column][vc_column width=\u00a0\u00bb1\/2&Prime; el_class=\u00a0\u00bbrachtergrond\u00a0\u00bb][vc_single_image image=\u00a0\u00bb1594&Prime; el_class=\u00a0\u00bbaschuin\u00a0\u00bb][\/vc_column][\/vc_row][vc_row][vc_column]<div class=\"boc_spacing \" style=\"height: 40px\"><\/div>[\/vc_column][\/vc_row]<\/p>\n<\/div>","protected":false},"excerpt":{"rendered":"<p>[vc_row][vc_column][\/vc_column][\/vc_row][vc_row gap=\u00a0\u00bb35&Prime; content_placement=\u00a0\u00bbmiddle\u00a0\u00bb][vc_column width=\u00a0\u00bb1\/2&Prime;][vc_single_image img_size=\u00a0\u00bbmedium\u00a0\u00bb onclick=\u00a0\u00bbcustom_link\u00a0\u00bb img_link_target=\u00a0\u00bb_blank\u00a0\u00bb image=\u00a0\u00bb112&Prime; link=\u00a0\u00bbhttps:\/\/www.repeteur-gsm.fr\/\u00a0\u00bb el_class=\u00a0\u00bbgrow\u00a0\u00bb][vc_column_text]GSM Repeater Shop vend des r\u00e9p\u00e9teurs GSM et des accessoires haut de gamme. Un bon service est essentiel pour le succ\u00e8s de l&rsquo;entreprise. Nous assistons nos clients depuis le premier contact jusqu&rsquo;\u00e0 un service apr\u00e8s-vente tr\u00e8s complet. Tous les produits sont disponibles dans notre entrep\u00f4t de Wormer, aux Pays-Bas. Les commandes<\/p>\n<div class=\"h10\"><\/div>\n<p><a class=\"more-link1\" href=\"https:\/\/www.ostman.nl\/fr\/activites\/\">Read more<\/a><\/p>\n","protected":false},"author":2,"featured_media":0,"parent":0,"menu_order":0,"comment_status":"closed","ping_status":"closed","template":"","meta":{"footnotes":""},"class_list":["post-1106","page","type-page","status-publish","hentry"],"yoast_head":"<!-- This site is optimized with the Yoast SEO plugin v24.2 - https:\/\/yoast.com\/wordpress\/plugins\/seo\/ -->\n<title>Activit\u00e9s - OstMan International<\/title>\n<meta name=\"robots\" content=\"index, follow, max-snippet:-1, max-image-preview:large, max-video-preview:-1\" \/>\n<link rel=\"canonical\" href=\"https:\/\/www.ostman.nl\/fr\/activites\/\" \/>\n<meta property=\"og:locale\" content=\"fr_FR\" \/>\n<meta property=\"og:type\" content=\"article\" \/>\n<meta property=\"og:title\" content=\"Activit\u00e9s - OstMan International\" \/>\n<meta property=\"og:description\" content=\"[vc_row][vc_column][\/vc_column][\/vc_row][vc_row gap=\u00a0\u00bb35&Prime; content_placement=\u00a0\u00bbmiddle\u00a0\u00bb][vc_column width=\u00a0\u00bb1\/2&Prime;][vc_single_image img_size=\u00a0\u00bbmedium\u00a0\u00bb onclick=\u00a0\u00bbcustom_link\u00a0\u00bb img_link_target=\u00a0\u00bb_blank\u00a0\u00bb image=\u00a0\u00bb112&Prime; link=\u00a0\u00bbhttps:\/\/www.repeteur-gsm.fr\/\u00a0\u00bb el_class=\u00a0\u00bbgrow\u00a0\u00bb][vc_column_text]GSM Repeater Shop vend des r\u00e9p\u00e9teurs GSM et des accessoires haut de gamme. Un bon service est essentiel pour le succ\u00e8s de l&rsquo;entreprise. Nous assistons nos clients depuis le premier contact jusqu&rsquo;\u00e0 un service apr\u00e8s-vente tr\u00e8s complet. Tous les produits sont disponibles dans notre entrep\u00f4t de Wormer, aux Pays-Bas. Les commandesRead more\" \/>\n<meta property=\"og:url\" content=\"https:\/\/www.ostman.nl\/fr\/activites\/\" \/>\n<meta property=\"og:site_name\" content=\"OstMan International\" \/>\n<meta property=\"article:modified_time\" content=\"2023-08-18T11:46:43+00:00\" \/>\n<meta name=\"twitter:card\" content=\"summary_large_image\" \/>\n<meta name=\"twitter:label1\" content=\"Dur\u00e9e de lecture estim\u00e9e\" \/>\n\t<meta name=\"twitter:data1\" content=\"2 minutes\" \/>\n<script type=\"application\/ld+json\" class=\"yoast-schema-graph\">{\"@context\":\"https:\/\/schema.org\",\"@graph\":[{\"@type\":\"WebPage\",\"@id\":\"https:\/\/www.ostman.nl\/fr\/activites\/\",\"url\":\"https:\/\/www.ostman.nl\/fr\/activites\/\",\"name\":\"Activit\u00e9s - OstMan International\",\"isPartOf\":{\"@id\":\"https:\/\/www.ostman.nl\/fr\/#website\"},\"datePublished\":\"2022-11-18T14:41:47+00:00\",\"dateModified\":\"2023-08-18T11:46:43+00:00\",\"breadcrumb\":{\"@id\":\"https:\/\/www.ostman.nl\/fr\/activites\/#breadcrumb\"},\"inLanguage\":\"fr-FR\",\"potentialAction\":[{\"@type\":\"ReadAction\",\"target\":[\"https:\/\/www.ostman.nl\/fr\/activites\/\"]}]},{\"@type\":\"BreadcrumbList\",\"@id\":\"https:\/\/www.ostman.nl\/fr\/activites\/#breadcrumb\",\"itemListElement\":[{\"@type\":\"ListItem\",\"position\":1,\"name\":\"Home\",\"item\":\"https:\/\/www.ostman.nl\/fr\/\"},{\"@type\":\"ListItem\",\"position\":2,\"name\":\"Activit\u00e9s\"}]},{\"@type\":\"WebSite\",\"@id\":\"https:\/\/www.ostman.nl\/fr\/#website\",\"url\":\"https:\/\/www.ostman.nl\/fr\/\",\"name\":\"OstMan International\",\"description\":\"Global focus with local skills\",\"potentialAction\":[{\"@type\":\"SearchAction\",\"target\":{\"@type\":\"EntryPoint\",\"urlTemplate\":\"https:\/\/www.ostman.nl\/fr\/?s={search_term_string}\"},\"query-input\":{\"@type\":\"PropertyValueSpecification\",\"valueRequired\":true,\"valueName\":\"search_term_string\"}}],\"inLanguage\":\"fr-FR\"}]}<\/script>\n<!-- \/ Yoast SEO plugin. -->","yoast_head_json":{"title":"Activit\u00e9s - OstMan International","robots":{"index":"index","follow":"follow","max-snippet":"max-snippet:-1","max-image-preview":"max-image-preview:large","max-video-preview":"max-video-preview:-1"},"canonical":"https:\/\/www.ostman.nl\/fr\/activites\/","og_locale":"fr_FR","og_type":"article","og_title":"Activit\u00e9s - OstMan International","og_description":"[vc_row][vc_column][\/vc_column][\/vc_row][vc_row gap=\u00a0\u00bb35&Prime; content_placement=\u00a0\u00bbmiddle\u00a0\u00bb][vc_column width=\u00a0\u00bb1\/2&Prime;][vc_single_image img_size=\u00a0\u00bbmedium\u00a0\u00bb onclick=\u00a0\u00bbcustom_link\u00a0\u00bb img_link_target=\u00a0\u00bb_blank\u00a0\u00bb image=\u00a0\u00bb112&Prime; link=\u00a0\u00bbhttps:\/\/www.repeteur-gsm.fr\/\u00a0\u00bb el_class=\u00a0\u00bbgrow\u00a0\u00bb][vc_column_text]GSM Repeater Shop vend des r\u00e9p\u00e9teurs GSM et des accessoires haut de gamme. Un bon service est essentiel pour le succ\u00e8s de l&rsquo;entreprise. Nous assistons nos clients depuis le premier contact jusqu&rsquo;\u00e0 un service apr\u00e8s-vente tr\u00e8s complet. Tous les produits sont disponibles dans notre entrep\u00f4t de Wormer, aux Pays-Bas. Les commandesRead more","og_url":"https:\/\/www.ostman.nl\/fr\/activites\/","og_site_name":"OstMan International","article_modified_time":"2023-08-18T11:46:43+00:00","twitter_card":"summary_large_image","twitter_misc":{"Dur\u00e9e de lecture estim\u00e9e":"2 minutes"},"schema":{"@context":"https:\/\/schema.org","@graph":[{"@type":"WebPage","@id":"https:\/\/www.ostman.nl\/fr\/activites\/","url":"https:\/\/www.ostman.nl\/fr\/activites\/","name":"Activit\u00e9s - OstMan International","isPartOf":{"@id":"https:\/\/www.ostman.nl\/fr\/#website"},"datePublished":"2022-11-18T14:41:47+00:00","dateModified":"2023-08-18T11:46:43+00:00","breadcrumb":{"@id":"https:\/\/www.ostman.nl\/fr\/activites\/#breadcrumb"},"inLanguage":"fr-FR","potentialAction":[{"@type":"ReadAction","target":["https:\/\/www.ostman.nl\/fr\/activites\/"]}]},{"@type":"BreadcrumbList","@id":"https:\/\/www.ostman.nl\/fr\/activites\/#breadcrumb","itemListElement":[{"@type":"ListItem","position":1,"name":"Home","item":"https:\/\/www.ostman.nl\/fr\/"},{"@type":"ListItem","position":2,"name":"Activit\u00e9s"}]},{"@type":"WebSite","@id":"https:\/\/www.ostman.nl\/fr\/#website","url":"https:\/\/www.ostman.nl\/fr\/","name":"OstMan International","description":"Global focus with local skills","potentialAction":[{"@type":"SearchAction","target":{"@type":"EntryPoint","urlTemplate":"https:\/\/www.ostman.nl\/fr\/?s={search_term_string}"},"query-input":{"@type":"PropertyValueSpecification","valueRequired":true,"valueName":"search_term_string"}}],"inLanguage":"fr-FR"}]}},"_links":{"self":[{"href":"https:\/\/www.ostman.nl\/fr\/wp-json\/wp\/v2\/pages\/1106","targetHints":{"allow":["GET"]}}],"collection":[{"href":"https:\/\/www.ostman.nl\/fr\/wp-json\/wp\/v2\/pages"}],"about":[{"href":"https:\/\/www.ostman.nl\/fr\/wp-json\/wp\/v2\/types\/page"}],"author":[{"embeddable":true,"href":"https:\/\/www.ostman.nl\/fr\/wp-json\/wp\/v2\/users\/2"}],"replies":[{"embeddable":true,"href":"https:\/\/www.ostman.nl\/fr\/wp-json\/wp\/v2\/comments?post=1106"}],"version-history":[{"count":5,"href":"https:\/\/www.ostman.nl\/fr\/wp-json\/wp\/v2\/pages\/1106\/revisions"}],"predecessor-version":[{"id":1603,"href":"https:\/\/www.ostman.nl\/fr\/wp-json\/wp\/v2\/pages\/1106\/revisions\/1603"}],"wp:attachment":[{"href":"https:\/\/www.ostman.nl\/fr\/wp-json\/wp\/v2\/media?parent=1106"}],"curies":[{"name":"wp","href":"https:\/\/api.w.org\/{rel}","templated":true}]}}